{"id":273,"date":"2017-01-16T11:48:54","date_gmt":"2017-01-16T10:48:54","guid":{"rendered":"http:\/\/englishworks.cat\/?page_id=273\/"},"modified":"2017-01-16T11:59:12","modified_gmt":"2017-01-16T10:59:12","slug":"privacy-policy","status":"publish","type":"page","link":"https:\/\/englishworks.cat\/en\/privacy-policy\/","title":{"rendered":"Privacy Policy"},"content":{"rendered":"<div class=\"woo-sc-divider\"><\/div>\n<div class=\"row\">\n<div class=\"col-xs-12 col-md-8 col-md-offset-2\">\n<h3>Privacy Policy<\/h3>\n<p>De conformitat amb el que estableix la Llei Org\u00e0nica 15\/1999, de 13 de desembre, de Protecci\u00f3 de Dades de Car\u00e0cter Personal, l&#8217;informem que les seves dades seran incorporades a un fitxer sota la responsabilitat de Victoria Lauri amb la finalitat d&#8217;atendre les seves consultes.<\/p>\n<p>Pot exercir els seus drets d&#8217;acc\u00e9s, rectificaci\u00f3, cancel\u00b7laci\u00f3 i oposici\u00f3 mitjan\u00e7ant un escrit a la nostra adre\u00e7a: Ronda Camprodon 2 (Seminari), 08500 Vic, Barcelona.<\/p>\n<p>Mentre no ens comuniqui el contrari, entendrem que les seves dades no han estat modificades, que vost\u00e8 es compromet a notificar-nos qualsevol variaci\u00f3 i que tenim el seu consentiment per al tractament dels mateixos.<\/p>\n<p>Aix\u00ed mateix, i d&#8217;acord amb el que estableix la Llei 34\/2002, de 11 de juliol, de Serveis de la Societat de la Informaci\u00f3 i de Comer\u00e7 Electr\u00f2nic, en el seu article 21, sol\u00b7licitem tamb\u00e9 el seu consentiment expr\u00e9s per enviar-li publicitat dels nostres productes o promocions que considerem puguin ser del seu inter\u00e8s, per correu electr\u00f2nic o per qualsevol altre mitj\u00e0 de comunicaci\u00f3 electr\u00f2nica equivalent.<\/p>\n<p>L&#8217;informem que podr\u00e0 revocar en qualsevol moment el consentiment prestat a la recepci\u00f3 de comunicacions comercials enviant un correu electr\u00f2nic a l&#8217;adre\u00e7a de correu electr\u00f2nic: hello@englishworks.cat<\/p>\n<p>L&#8217;enviament d&#8217;aquestes dades implica l&#8217;acceptaci\u00f3 d&#8217;aquesta cl\u00e0usula.<\/p>\n<\/div>\n<\/div>\n<div class=\"woo-sc-divider\"><\/div>\n","protected":false},"excerpt":{"rendered":"<p>Privacy Policy De conformitat amb el que estableix la Llei Org\u00e0nica 15\/1999, de 13 de desembre, de Protecci\u00f3 de Dades de Car\u00e0cter Personal, l&#8217;informem que les seves dades seran incorporades a un fitxer sota la responsabilitat de Victoria Lauri amb la finalitat d&#8217;atendre les seves consultes. Pot exercir els seus drets d&#8217;acc\u00e9s, rectificaci\u00f3, cancel\u00b7laci\u00f3 i [&hellip;]<\/p>\n","protected":false},"author":1,"featured_media":0,"parent":0,"menu_order":0,"comment_status":"closed","ping_status":"closed","template":"","meta":[],"_links":{"self":[{"href":"https:\/\/englishworks.cat\/en\/wp-json\/wp\/v2\/pages\/273"}],"collection":[{"href":"https:\/\/englishworks.cat\/en\/wp-json\/wp\/v2\/pages"}],"about":[{"href":"https:\/\/englishworks.cat\/en\/wp-json\/wp\/v2\/types\/page"}],"author":[{"embeddable":true,"href":"https:\/\/englishworks.cat\/en\/wp-json\/wp\/v2\/users\/1"}],"replies":[{"embeddable":true,"href":"https:\/\/englishworks.cat\/en\/wp-json\/wp\/v2\/comments?post=273"}],"version-history":[{"count":2,"href":"https:\/\/englishworks.cat\/en\/wp-json\/wp\/v2\/pages\/273\/revisions"}],"predecessor-version":[{"id":275,"href":"https:\/\/englishworks.cat\/en\/wp-json\/wp\/v2\/pages\/273\/revisions\/275"}],"wp:attachment":[{"href":"https:\/\/englishworks.cat\/en\/wp-json\/wp\/v2\/media?parent=273"}],"curies":[{"name":"wp","href":"https:\/\/api.w.org\/{rel}","templated":true}]}}